{"id":266,"date":"2015-10-26T22:37:20","date_gmt":"2015-10-26T21:37:20","guid":{"rendered":"http:\/\/pierrebise-photos.com\/en\/?page_id=266"},"modified":"2025-02-10T15:24:07","modified_gmt":"2025-02-10T14:24:07","slug":"cgv","status":"publish","type":"page","link":"https:\/\/pierrebise-photos.com\/en\/cgv\/","title":{"rendered":"Conditions g\u00e9n\u00e9rales de vente"},"content":{"rendered":"<h3>1. D\u00e9finitions<\/h3>\n<p>Au sens des pr\u00e9sentes conditions g\u00e9n\u00e9rales de vente, on entend par :<br \/>\nAcheteur :<\/p>\n<p>personne physique acqu\u00e9rant des produits par le biais du site<\/p>\n<p>&nbsp;<\/p>\n<p>Vendeur :<\/p>\n<h3>Pierre Bise Photographe<\/h3>\n<p>Chemin de Jolimont 6<\/p>\n<p>1510 Moudon<\/p>\n<p>&nbsp;<\/p>\n<p>Site : le site internet du vendeur sur lequel les clients peuvent passer une commande de produits.<\/p>\n<p>Produit : l\u2019ensemble des produits que le vendeur peut vendre sur son site : tirages photos\u2026<br \/>\nCommande : commande de Produits pass\u00e9e par le client au vendeur depuis son site.<\/p>\n<h3>2. Champ d&#8217;application<\/h3>\n<p>Les pr\u00e9sentes conditions g\u00e9n\u00e9rales de vente sont applicables \u00e0 toutes commande de produits vendus par le vendeur sur son site. Les conditions g\u00e9n\u00e9rales de vente sont consultables sur le site et accept\u00e9es par le client pr\u00e9alablement \u00e0 la passation de toute commande.<br \/>\nElles sont applicables dans leur int\u00e9gralit\u00e9 pour toute commande pass\u00e9e sur le site du vendeur et ses clients en Suisse ou \u00e0 l&#8217;\u00e9tranger, quel que soit le lieu d&#8217;ex\u00e9cution et\/ou de livraison.<br \/>\nLe vendeur et le client conviennent que les pr\u00e9sentes conditions g\u00e9n\u00e9rales de vente r\u00e9gissent exclusivement leur relation.<\/p>\n<h3>3. Commande<\/h3>\n<p>L\u2019acheteur d\u00e9clare avoir pris connaissance des conditions pr\u00e9alablement \u00e0 la passation de sa commande et reconna\u00eet que la validation de sa commande implique l\u2019acceptation de leurs termes.<br \/>\nToute commande sur le site emporte obligation de paiement et vaut acceptation des prix et descriptions des produits disponibles \u00e0 la vente.<br \/>\nDans certains cas, notamment d\u00e9faut de paiement, adresse erron\u00e9e ou autre probl\u00e8me sur le compte du client, le vendeur se r\u00e9serve le droit de bloquer la commande du client jusqu\u2019\u00e0 r\u00e9solution du probl\u00e8me.<br \/>\nEn cas d\u2019indisponibilit\u00e9 du produit command\u00e9, le client en sera inform\u00e9 par courrier \u00e9lectronique. L\u2019annulation de la commande de ce produit et son \u00e9ventuel remboursement seront alors effectu\u00e9s.<\/p>\n<h3>4. Information sur les produits<\/h3>\n<p>Les produits r\u00e9gis par les pr\u00e9sentes conditions g\u00e9n\u00e9rales de vente sont ceux qui figurent sur le site internet du vendeur et qui sont indiqu\u00e9s comme vendus et exp\u00e9di\u00e9s par le vendeur. Ils sont propos\u00e9s dans la limite des stocks disponibles.<br \/>\nLes produits sont d\u00e9crits et pr\u00e9sent\u00e9s avec la plus grande exactitude possible. Toutefois, si des erreurs ou omissions ont pu se produire quant \u00e0 cette pr\u00e9sentation, la responsabilit\u00e9 du vendeur ne pourrait \u00eatre engag\u00e9e.<\/p>\n<h3>5. Prix<\/h3>\n<p>Les prix des produits indiqu\u00e9s sur les pages du site correspondent aux taxes comprises hors participation aux frais de pr\u00e9paration logistique et d\u2019exp\u00e9dition. Le vendeur se r\u00e9serve le droit de modifier les prix des produits pr\u00e9sent\u00e9s sur le site. Toutefois, les produits seront factur\u00e9s \u00e0 l\u2019acheteur sur la base des tarifs en vigueur au moment de la validation de la commande.<\/p>\n<h3>6. Moyens de paiement<\/h3>\n<p>Le r\u00e8glement de la commande se fait directement sur le site de PayPal, pour plus d&#8217;informations , veuillez consulter le site <a href=\"http:\/\/www.paypal.com\">PayPal<\/a>.<br \/>\nLe vendeur se r\u00e9serve le droit de suspendre toute gestion de commande et toute livraison en cas de refus d\u2019autorisation de paiement par carte bancaire de la part des organismes officiellement accr\u00e9dit\u00e9s ou en cas de non-paiement. Le vendeur se r\u00e9serve notamment le droit de refuser d\u2019effectuer une livraison ou d\u2019honorer une commande \u00e9manant d\u2019un client qui n\u2019aurait pas r\u00e9gl\u00e9 totalement ou partiellement une commande pr\u00e9c\u00e9dente ou avec lequel un litige de paiement serait en cours d\u2019administration.<\/p>\n<h3>7. Disponibilit\u00e9 des produits \u2013 remboursement<\/h3>\n<p>Sauf en cas de force majeure ou lors des p\u00e9riodes de fermeture de la boutique en ligne qui seront clairement annonc\u00e9es sur la page d\u2019accueil du site, les d\u00e9lais d\u2019exp\u00e9dition seront dans la limit\u00e9 des stocks disponibles, ceux indiqu\u00e9s ci-dessous. Les d\u00e9lais d\u2019exp\u00e9dition courent \u00e0 compter de la date d\u2019enregistrement de la commande indiqu\u00e9e sur le mail de confirmation de la commande.<br \/>\nPour les livraisons en Suisse, le d\u00e9lai est de dix (10) jours ouvrables.<br \/>\nPour les livraisons \u00e0 l\u2019International, le d\u00e9lai est de vingt (20) jours ouvrables.<br \/>\nEn cas de non \u2013respect des d\u00e9lais contractuels, l\u2019acheteur peut r\u00e9soudre le contrat, par lettre recommand\u00e9e avec accus\u00e9 de r\u00e9ception. Dans ce cas, le vendeur est tenu de rembourser le client de la totalit\u00e9 des sommes vers\u00e9es au plus tard dans les xx (xx) jours suivants la date \u00e0 laquelle le contrat a \u00e9t\u00e9 d\u00e9nonc\u00e9.<br \/>\nEn cas d\u2019indisponibilit\u00e9 du produit command\u00e9, le client en sera inform\u00e9 au plus t\u00f4t et aura la possibilit\u00e9 d\u2019annuler sa commande. Le client aura alors le choix de demander soit le remboursement des sommes vers\u00e9es, soit l\u2019\u00e9change du produit.<\/p>\n<h3>8. Modalit\u00e9s de livraison<\/h3>\n<p>La livraison n\u2019est faite qu\u2019apr\u00e8s confirmation du paiement par l\u2019organisme bancaire du vendeur.<br \/>\nLes produits sont livr\u00e9s \u00e0 l\u2019adresse indiqu\u00e9e par l\u2019acheteur lors de la commande. Le client devra veiller \u00e0 son exactitude. Tout colis renvoy\u00e9 au vendeur \u00e0 cause d\u2019une adresse de livraison erron\u00e9e ou incompl\u00e8te sera r\u00e9exp\u00e9di\u00e9 aux frais du client.<\/p>\n<p>Le vendeur s\u2019engage \u00e0 vous livrer des photographies conformes \u00e0 votre commande (quantit\u00e9, type de d\u00e9veloppement, format).<\/p>\n<h3>9. R\u00e9clamations<\/h3>\n<p>Le client devra formuler aupr\u00e8s du vendeur toute r\u00e9clamation de non-conformit\u00e9 ou d\u00e9faut des produits en nature ou en qualit\u00e9.<\/p>\n<h3>10. Garantie<\/h3>\n<p>Si le Produit re\u00e7u par l\u2019acheteur n\u2019est pas conforme au Produit d\u00e9sign\u00e9 au sein de sa commande, ce Produit sera remplac\u00e9 ou rembours\u00e9, en fonction du souhait exprim\u00e9 par l\u2019acheteur.<\/p>\n<h3>11. Force majeure<\/h3>\n<p>Toutes circonstances ind\u00e9pendantes de la volont\u00e9 des parties emp\u00eachant l\u2019ex\u00e9cution dans des conditions normales de leurs obligations sont consid\u00e9r\u00e9es comme des causes d\u2019exon\u00e9ration des obligations des parties et entra\u00eenent leur suspension.<br \/>\nLa partie qui invoque les circonstances vis\u00e9es ci-dessus doit avertir imm\u00e9diatement l\u2019autre partie de leur survenance, ainsi que de leur disparition.<br \/>\nSeront consid\u00e9r\u00e9s comme cas de force majeure tous faits ou circonstances irr\u00e9sistibles, ext\u00e9rieures aux parties, impr\u00e9visibles, in\u00e9vitables, ind\u00e9pendants de la volont\u00e9 des parties et qui ne pourront \u00eatre emp\u00each\u00e9s par ces derni\u00e8res, malgr\u00e9 tous les efforts raisonnablement possibles. De fa\u00e7on expresse, sont consid\u00e9r\u00e9s comme cas de force majeure ou cas fortuits, outre ceux habituellement retenus par la jurisprudence des cours et tribunaux fran\u00e7ais : le bocage des moyens de transports ou d\u2019approvisionnements, tremblements de terre, incendies, temp\u00eates, inondations, foudre, l\u2019arr\u00eat des r\u00e9seaux de t\u00e9l\u00e9communication ou difficult\u00e9s propres aux r\u00e9seaux de t\u00e9l\u00e9communication externes aux clients.<br \/>\nLes parties se rapprocheront pour examiner l\u2019incidence de l\u2019\u00e9v\u00e9nement et convenir des conditions dans lesquelles l\u2019ex\u00e9cution du contrat sera poursuivie.<\/p>\n<h3>12. Propri\u00e9t\u00e9 Intellectuelle<\/h3>\n<p>Les photographies r\u00e9alis\u00e9es par le vendeur et qui sont vendues sur son site internet sont et restent la propri\u00e9t\u00e9 intellectuelle du vendeur.<\/p>\n<h3>13. Non-validation partielle<\/h3>\n<p>Si une ou plusieurs stipulations des pr\u00e9sentes conditions g\u00e9n\u00e9rales sont tenues pour non valides ou d\u00e9clar\u00e9es telles en application d\u2019une loi, d\u2019un r\u00e8glement ou \u00e0 la suite d\u2019une d\u00e9cision d\u00e9finitive d\u2019une juridiction comp\u00e9tente, les autres stipulations garderont toute leur force et leur port\u00e9e.<\/p>\n<h3>14. Non-renonciation<\/h3>\n<p>Le fait pour l\u2019une des parties de ne pas se pr\u00e9valoir d\u2019un manquement par l\u2019autre partie \u00e0 l\u2019une quelconque des obligations vis\u00e9es dans les pr\u00e9sentes conditions g\u00e9n\u00e9rales de vente ne saurait \u00eatre interpr\u00e9t\u00e9 pour l\u2019avenir comme une renonciation \u00e0 l\u2019obligation en cause.<\/p>\n<h3>15. Loi applicable<\/h3>\n<p>Les pr\u00e9sentes CGV sont soumises au droit suisse.<\/p>\n","protected":false},"excerpt":{"rendered":"<p>1. D\u00e9finitions Au sens des pr\u00e9sentes conditions g\u00e9n\u00e9rales de vente, on entend par : Acheteur : personne physique acqu\u00e9rant des produits par le biais du site &nbsp; Vendeur : Pierre Bise Photographe Chemin de Jolimont 6 1510 Moudon &nbsp; Site : le site internet du vendeur sur lequel les clients peuvent passer une commande de produits. Produit : l\u2019ensemble des produits que le vendeur peut vendre sur son site :<a href=\"https:\/\/pierrebise-photos.com\/en\/cgv\/\">&#8230;<br \/>\n\t<\/a><\/p>\n","protected":false},"author":1,"featured_media":0,"parent":0,"menu_order":0,"comment_status":"closed","ping_status":"closed","template":"","meta":{"footnotes":""},"class_list":["post-266","page","type-page","status-publish","hentry"],"_links":{"self":[{"href":"https:\/\/pierrebise-photos.com\/en\/wp-json\/wp\/v2\/pages\/266","targetHints":{"allow":["GET"]}}],"collection":[{"href":"https:\/\/pierrebise-photos.com\/en\/wp-json\/wp\/v2\/pages"}],"about":[{"href":"https:\/\/pierrebise-photos.com\/en\/wp-json\/wp\/v2\/types\/page"}],"author":[{"embeddable":true,"href":"https:\/\/pierrebise-photos.com\/en\/wp-json\/wp\/v2\/users\/1"}],"replies":[{"embeddable":true,"href":"https:\/\/pierrebise-photos.com\/en\/wp-json\/wp\/v2\/comments?post=266"}],"version-history":[{"count":2,"href":"https:\/\/pierrebise-photos.com\/en\/wp-json\/wp\/v2\/pages\/266\/revisions"}],"predecessor-version":[{"id":7498,"href":"https:\/\/pierrebise-photos.com\/en\/wp-json\/wp\/v2\/pages\/266\/revisions\/7498"}],"wp:attachment":[{"href":"https:\/\/pierrebise-photos.com\/en\/wp-json\/wp\/v2\/media?parent=266"}],"curies":[{"name":"wp","href":"https:\/\/api.w.org\/{rel}","templated":true}]}}