{"id":280,"date":"2015-10-26T23:04:34","date_gmt":"2015-10-26T22:04:34","guid":{"rendered":"http:\/\/pierrebise-photos.com\/en\/?page_id=280"},"modified":"2019-03-13T15:35:31","modified_gmt":"2019-03-13T14:35:31","slug":"resellers","status":"publish","type":"page","link":"https:\/\/pierrebise-photos.com\/en\/resellers\/","title":{"rendered":"Resellers"},"content":{"rendered":"<h3>Resellers Editions de L\u2019Arrosoir (01.11.2015)<\/h3>\n<ul>\n<li>G\u00fcttinger fleurs, Avenue de la Gare 1 1315 La Sarraz<\/li>\n<li>G\u00fcttinger fleurs, Place des Halles 3 1095 Lutry<\/li>\n<li>Bureautique Riviera SA, Rue des Deux March\u00e9s 21-23 1800 Vevey<\/li>\n<li>Bureautique-Broye SA, Place St-Etienne 6 1510 Moudon<\/li>\n<li>Art D\u2019Ici, Rue de Vuary 3 1530 Payerne<\/li>\n<li>Librairie du Ch\u00e2teau, Grde Rue 10 1180 Rolle<\/li>\n<li>Duplirex SA, Rue de La Poste 7 1920 Martigny<\/li>\n<li>Duplirex SA, Rue de Fey 2 1870 Monthey<\/li>\n<li>Floriaz fleurs, Rue de La Gruy\u00e8re 73 1632 Riaz<\/li>\n<li>Kramer-Krieg SA, Rue Centrale 10 1003 Lausanne<\/li>\n<li>Librairie du Midi, Le Bourg 1610 Oron-La-Ville<\/li>\n<li>Kiosque papeterie Meylan, Grd. Rue 4 1522 Lucens<\/li>\n<li>Librairie du Petit Prince, Rue Louis De Savoie 47 1110 Morges<\/li>\n<li>Librairie La Rumeur, Grde Rue 18 1680 Romont<\/li>\n<li>Pap\u00e9chal SA, Place du March\u00e9 1 1040 Echallens<\/li>\n<li>Papeterie du L\u00e9man, Grde Rue 46 1844 Villeneuve<\/li>\n<li>Librairie Horizon, Ruelle du Midi 3 1950 Sion<\/li>\n<li>Librairie St. Augustin, Rue de Lausanne 88 1700 Fribourg<\/li>\n<li>Le Minaret, Rue du Temple 3 1096 Cully<\/li>\n<li>La Porterie, Abbatiale de Romainm\u00f4tier 1323 Romainm\u00f4tier<\/li>\n<\/ul>\n<p>&nbsp;<\/p>\n","protected":false},"excerpt":{"rendered":"<p>Resellers Editions de L\u2019Arrosoir (01.11.2015) G\u00fcttinger fleurs, Avenue de la Gare 1 1315 La Sarraz G\u00fcttinger fleurs, Place des Halles 3 1095 Lutry Bureautique Riviera SA, Rue des Deux March\u00e9s 21-23 1800 Vevey Bureautique-Broye SA, Place St-Etienne 6 1510 Moudon Art D\u2019Ici, Rue de Vuary 3 1530 Payerne Librairie du Ch\u00e2teau, Grde Rue 10 1180 Rolle Duplirex SA, Rue de La Poste 7 1920 Martigny Duplirex SA, Rue de Fey<a href=\"https:\/\/pierrebise-photos.com\/en\/resellers\/\">&#8230;<br \/>\n\t<\/a><\/p>\n","protected":false},"author":1,"featured_media":0,"parent":0,"menu_order":0,"comment_status":"closed","ping_status":"closed","template":"","meta":{"footnotes":""},"class_list":["post-280","page","type-page","status-publish","hentry"],"_links":{"self":[{"href":"https:\/\/pierrebise-photos.com\/en\/wp-json\/wp\/v2\/pages\/280","targetHints":{"allow":["GET"]}}],"collection":[{"href":"https:\/\/pierrebise-photos.com\/en\/wp-json\/wp\/v2\/pages"}],"about":[{"href":"https:\/\/pierrebise-photos.com\/en\/wp-json\/wp\/v2\/types\/page"}],"author":[{"embeddable":true,"href":"https:\/\/pierrebise-photos.com\/en\/wp-json\/wp\/v2\/users\/1"}],"replies":[{"embeddable":true,"href":"https:\/\/pierrebise-photos.com\/en\/wp-json\/wp\/v2\/comments?post=280"}],"version-history":[{"count":3,"href":"https:\/\/pierrebise-photos.com\/en\/wp-json\/wp\/v2\/pages\/280\/revisions"}],"predecessor-version":[{"id":7519,"href":"https:\/\/pierrebise-photos.com\/en\/wp-json\/wp\/v2\/pages\/280\/revisions\/7519"}],"wp:attachment":[{"href":"https:\/\/pierrebise-photos.com\/en\/wp-json\/wp\/v2\/media?parent=280"}],"curies":[{"name":"wp","href":"https:\/\/api.w.org\/{rel}","templated":true}]}}